{"id":1291,"date":"2025-06-13T10:46:44","date_gmt":"2025-06-13T10:46:44","guid":{"rendered":"https:\/\/life2rivers.si\/psata\/"},"modified":"2025-09-18T16:20:19","modified_gmt":"2025-09-18T16:20:19","slug":"psata","status":"publish","type":"page","link":"https:\/\/life2rivers.si\/en\/psata\/","title":{"rendered":"The P\u0161ata"},"content":{"rendered":"<h2 data-start=\"0\" data-end=\"405\"><strong>P\u0161ata river basin<\/strong><\/h2>\n<p>The P\u0161ata river basin is defined as a 4<sup>th<\/sup> level hydrographic area (HGA IV) according to the national classification of the hydrographic areas. It is a hydrographic sub-area of the Sava catchment (HGA I, 10.675,2 km<sup>2<\/sup>), belonging to the Danube river basin. With the total surface area of 147.9 km<sup>2<\/sup> the P\u0161ata catchment represents 0.73 % of the Slovenian national territory. The total length of the watercourse network in the catchment is 364.4 km, with the P\u0161ata river length being 28.8 km.<\/p>\n<hr \/>\n<h3 data-start=\"407\" data-end=\"989\"><strong>Land use<\/strong><\/h3>\n<p>It is predominantly covered by agricultural land (48,1 %) and forests (40,8 %), followed by urban areas (11 %). The agricultural land and the urban areas are concentrated in the catchment lowlands, i.e. the P\u0161ata valley, while the forests predominate in the hilly part of the catchment landscape. The agricultural land is intensively managed and thus largely degraded, while the forests, although economically used, are relatively well preserved, resulting in a significant proportion of forested area having a EU protection status (Natura 2000). Majority of the land in the catchment is privately owned (84,8 %).<\/p>\n<hr \/>\n<h3 data-start=\"0\" data-end=\"520\"><strong>Areas under conservation status<\/strong><\/h3>\n<p>The area under Natura 2000 is 1,523 ha (10.3 % of the total catchment area), and the area under national or local protection status is 2,463 ha (16.6 % of the total catchment area). Natura 2000 areas completely overlap with the areas under national or local protection status. The P\u0161ata river has no EU protection status, however, one of its tributaries, the Dobov\u0161ek stream, has the status of Natura 2000. Some stretches and tributaries are protected according to the national legislation as natural assets.<\/p>\n<hr \/>\n<h3 data-start=\"522\" data-end=\"808\"><strong>Local communities<\/strong><\/h3>\n<p>The P\u0161ata river crosses five municipalities: Cerklje na Gorenjskem, Komenda, Menge\u0161, Trzin and Dom\u017eale. The total number of inhabitants in all five municipalities is 63,050. Being a part of the central Slovenia region all five municipalities are highly developed, rating among top 5% of all municipalities in Slovenia.<a href=\"#_ftn1\" name=\"_ftnref1\"><\/a><\/p>\n<hr \/>\n<h3 data-start=\"0\" data-end=\"471\"><strong>Hydrology<\/strong><\/h3>\n<div id=\"attachment_914\" style=\"width: 310px\" class=\"wp-caption alignleft\"><img loading=\"lazy\" decoding=\"async\" aria-describedby=\"caption-attachment-914\" class=\"wp-image-914 size-medium\" src=\"https:\/\/life2rivers.si\/wp-content\/uploads\/2025\/06\/Ursa-Koce_176_Psata-Menges-300x200.jpg\" alt=\"\" width=\"300\" height=\"200\" srcset=\"https:\/\/life2rivers.si\/wp-content\/uploads\/2025\/06\/Ursa-Koce_176_Psata-Menges-300x200.jpg 300w, https:\/\/life2rivers.si\/wp-content\/uploads\/2025\/06\/Ursa-Koce_176_Psata-Menges-1024x683.jpg 1024w, https:\/\/life2rivers.si\/wp-content\/uploads\/2025\/06\/Ursa-Koce_176_Psata-Menges-768x512.jpg 768w, https:\/\/life2rivers.si\/wp-content\/uploads\/2025\/06\/Ursa-Koce_176_Psata-Menges.jpg 1134w\" sizes=\"auto, (max-width: 300px) 100vw, 300px\" \/><p id=\"caption-attachment-914\" class=\"wp-caption-text\">P\u0161ata is a lowland watercourse with a torrent-like character. During high flows, the water has significant erosive power. Photo: Ur\u0161a Koce<\/p><\/div>\n<p>The P\u0161ata river has a pluvio-nival hydrologic regime and is torrential in its character. It originates in the southern foothills of the Kamnik-Savinja Alps and flows into the Kamni\u0161ka Bistrica river, just a few kilometres before its outlet to the Sava river. The P\u0161ata specific runoff (14.1 l\/s*km<sup>2<\/sup>) is relatively low compared to other major watercourses in its parent Kamni\u0161ka Bistrica catchment. Its average discharge between 1981\u20122010 was 1.33 m<sup>3<\/sup>\/s, with peak discharges in November and December.<a href=\"#_ftn1\" name=\"_ftnref1\"><\/a><\/p>\n<hr \/>\n<h3 data-start=\"473\" data-end=\"827\"><strong>Flood mitigation in the past<\/strong><\/h3>\n<p>Extensive past hydromorphological alterations and current maintenance works, rooted in the traditional flood control paradigm, as well as runoff from the agricultural and urbanized areas represent the main pressures to the P\u0161ata river, the result of which is its moderate ecological status, as assessed according to the EU Water Framework Directive.<\/p>\n<p>Being a lowland watercourse with regular flooding in the past, the P\u0161ata river has been considerably regulated since the mid of the 20<sup>th<\/sup> century with the main purpose of flood control, resulting in extensive hydromorphological modification. Over the decades, its originally meandering riverbed has largely been straightened, cleared of riparian vegetation and consolidated, including construction of a number of weirs.<\/p>\n<p>In the 1960\u2019s a flood control channel (9.6 km) was constructed, starting at about the middle of its course, to divert the flood waters directly to the Kamni\u0161ka Bistrica river and protect the downstream settled areas and agricultural land from every year flooding. The urbanization along the river increased largely after the construction of the flood facility and so did the intensification of the agricultural use in previously flooded areas, shifting from extensively managed wet meadows to intensively managed arable land, including the use of pesticides and artificial fertilizers.<\/p>\n<p>However, the flood protection measures, including the channel, have been mostly designed for discharges up to Q100 and are thus ineffective in case of extreme events such as those related to climate change. For example, the recent extraordinary precipitation event that occurred on 3<sup>rd<\/sup>-4<sup>th<\/sup> August 2023 in the northern part of Slovenia resulted in catastrophic floods in a large part of the P\u0161ata catchment.<\/p>\n<div id=\"attachment_812\" style=\"width: 310px\" class=\"wp-caption alignleft\"><img loading=\"lazy\" decoding=\"async\" aria-describedby=\"caption-attachment-812\" class=\"wp-image-812 size-medium\" src=\"https:\/\/life2rivers.si\/wp-content\/uploads\/2025\/06\/Ursa-Koce_147_Kanal-Psata-Menges-300x169.jpg\" alt=\"\" width=\"300\" height=\"169\" srcset=\"https:\/\/life2rivers.si\/wp-content\/uploads\/2025\/06\/Ursa-Koce_147_Kanal-Psata-Menges-300x169.jpg 300w, https:\/\/life2rivers.si\/wp-content\/uploads\/2025\/06\/Ursa-Koce_147_Kanal-Psata-Menges-1024x576.jpg 1024w, https:\/\/life2rivers.si\/wp-content\/uploads\/2025\/06\/Ursa-Koce_147_Kanal-Psata-Menges-768x432.jpg 768w, https:\/\/life2rivers.si\/wp-content\/uploads\/2025\/06\/Ursa-Koce_147_Kanal-Psata-Menges-1536x864.jpg 1536w, https:\/\/life2rivers.si\/wp-content\/uploads\/2025\/06\/Ursa-Koce_147_Kanal-Psata-Menges-2048x1152.jpg 2048w\" sizes=\"auto, (max-width: 300px) 100vw, 300px\" \/><p id=\"caption-attachment-812\" class=\"wp-caption-text\">The P\u0161ata channel was built after World War II with the aim of eliminating annual floods in the area of the present-day Municipality of Menge\u0161. Photo: Ur\u0161a Koce<\/p><\/div>\n<hr \/>\n<h3 data-start=\"0\" data-end=\"298\"><strong>Plans for the future<\/strong><\/h3>\n<p>As part of the implementation of the EU Floods Directive, three areas of significant flood risk have been identified within the P\u0161ata catchment, but the surveys have not been completed yet and in reality, the total flood risk area is considerably larger (as it turned out in the recent floods).<\/p>\n<p>Following the existing flood control paradigm of questionable effectiveness, the Slovenian Flood risk management plan 2023\u20122027 sets a high priority for planning and construction of grey (technical) flood control infrastructure, without any prior consideration of alternative measures such as <a href=\"http:\/\/life2rivers.si\/en\/nasi-pristopi\">Nature-based solutions<\/a>.<\/p>\n","protected":false},"excerpt":{"rendered":"<p>P\u0161ata river basin The P\u0161ata river basin is defined as a 4th level hydrographic area (HGA IV) according to the national classification of the hydrographic areas. It is a hydrographic sub-area of the Sava catchment (HGA I, 10.675,2 km2), belonging to the Danube river basin. With the total surface area of 147.9 km2 the P\u0161ata [&hellip;]<\/p>\n","protected":false},"author":1,"featured_media":0,"parent":0,"menu_order":0,"comment_status":"closed","ping_status":"closed","template":"template-designed-page.php","meta":{"_acf_changed":false,"footnotes":""},"class_list":["post-1291","page","type-page","status-publish","hentry"],"acf":[],"_links":{"self":[{"href":"https:\/\/life2rivers.si\/en\/wp-json\/wp\/v2\/pages\/1291","targetHints":{"allow":["GET"]}}],"collection":[{"href":"https:\/\/life2rivers.si\/en\/wp-json\/wp\/v2\/pages"}],"about":[{"href":"https:\/\/life2rivers.si\/en\/wp-json\/wp\/v2\/types\/page"}],"author":[{"embeddable":true,"href":"https:\/\/life2rivers.si\/en\/wp-json\/wp\/v2\/users\/1"}],"replies":[{"embeddable":true,"href":"https:\/\/life2rivers.si\/en\/wp-json\/wp\/v2\/comments?post=1291"}],"version-history":[{"count":6,"href":"https:\/\/life2rivers.si\/en\/wp-json\/wp\/v2\/pages\/1291\/revisions"}],"predecessor-version":[{"id":1543,"href":"https:\/\/life2rivers.si\/en\/wp-json\/wp\/v2\/pages\/1291\/revisions\/1543"}],"wp:attachment":[{"href":"https:\/\/life2rivers.si\/en\/wp-json\/wp\/v2\/media?parent=1291"}],"curies":[{"name":"wp","href":"https:\/\/api.w.org\/{rel}","templated":true}]}}