{"id":1300,"date":"2025-05-21T07:00:49","date_gmt":"2025-05-21T07:00:49","guid":{"rendered":"https:\/\/life2rivers.si\/spoznaj-ekipo\/"},"modified":"2025-11-25T14:56:14","modified_gmt":"2025-11-25T14:56:14","slug":"meet-the-team","status":"publish","type":"page","link":"https:\/\/life2rivers.si\/en\/meet-the-team\/","title":{"rendered":"Meet the team"},"content":{"rendered":"<h2><strong>Advisory board<\/strong><\/h2>\n<h3>Mihael J. Toman, PhD<br \/>\nBarbara \u010cen\u010dur Curk, PhD<br \/>\nDu\u0161an Plut, PhD<br \/>\nPetra Repnik Mah<br \/>\nLaura Javor\u0161ek<br \/>\nDamjan Vinko<br \/>\nSenka \u0160ifkovi\u010d, MSc<br \/>\nPeter Lo\u017ear<br \/>\nPavel Gantar, PhD<br \/>\nJo\u017ee Pape\u017e<\/h3>\n","protected":false},"excerpt":{"rendered":"<p>Advisory board Mihael J. Toman, PhD Barbara \u010cen\u010dur Curk, PhD Du\u0161an Plut, PhD Petra Repnik Mah Laura Javor\u0161ek Damjan Vinko Senka \u0160ifkovi\u010d, MSc Peter Lo\u017ear Pavel Gantar, PhD Jo\u017ee Pape\u017e<\/p>\n","protected":false},"author":1,"featured_media":0,"parent":0,"menu_order":0,"comment_status":"closed","ping_status":"closed","template":"template-team.php","meta":{"_acf_changed":false,"footnotes":""},"class_list":["post-1300","page","type-page","status-publish","hentry"],"acf":[],"_links":{"self":[{"href":"https:\/\/life2rivers.si\/en\/wp-json\/wp\/v2\/pages\/1300","targetHints":{"allow":["GET"]}}],"collection":[{"href":"https:\/\/life2rivers.si\/en\/wp-json\/wp\/v2\/pages"}],"about":[{"href":"https:\/\/life2rivers.si\/en\/wp-json\/wp\/v2\/types\/page"}],"author":[{"embeddable":true,"href":"https:\/\/life2rivers.si\/en\/wp-json\/wp\/v2\/users\/1"}],"replies":[{"embeddable":true,"href":"https:\/\/life2rivers.si\/en\/wp-json\/wp\/v2\/comments?post=1300"}],"version-history":[{"count":10,"href":"https:\/\/life2rivers.si\/en\/wp-json\/wp\/v2\/pages\/1300\/revisions"}],"predecessor-version":[{"id":2717,"href":"https:\/\/life2rivers.si\/en\/wp-json\/wp\/v2\/pages\/1300\/revisions\/2717"}],"wp:attachment":[{"href":"https:\/\/life2rivers.si\/en\/wp-json\/wp\/v2\/media?parent=1300"}],"curies":[{"name":"wp","href":"https:\/\/api.w.org\/{rel}","templated":true}]}}