{"id":1301,"date":"2025-05-21T07:00:39","date_gmt":"2025-05-21T07:00:39","guid":{"rendered":"https:\/\/life2rivers.si\/casovnica\/"},"modified":"2025-09-30T09:07:34","modified_gmt":"2025-09-30T09:07:34","slug":"project-timeline","status":"publish","type":"page","link":"https:\/\/life2rivers.si\/en\/project-timeline\/","title":{"rendered":"Timeline"},"content":{"rendered":"<table>\n<tbody>\n<tr>\n<td width=\"86\">November 2024<\/td>\n<td width=\"86\">Green procurement guidelines (D1.4)<\/td>\n<\/tr>\n<tr>\n<td>December 2024<\/td>\n<td>Communication and dissemination plan (D5.1)<\/td>\n<\/tr>\n<tr>\n<td>december 2024<\/td>\n<td>Zaklju\u010deno mapiranje dele\u017enikov (M9)<\/td>\n<\/tr>\n<tr>\n<td>februar 2025<\/td>\n<td>Spletna stran LIFE2RIVERS s katalogom dele\u017enikov (D5.2)<\/td>\n<\/tr>\n<tr>\n<td>februar 2025<\/td>\n<td>Ustanovljen Projektni svet (M1)<\/td>\n<\/tr>\n<tr>\n<td>20. 3. 2025<\/td>\n<td>EkoAvanture &#8211; spletni seminar za u\u010ditelje in mentorje #1<\/td>\n<\/tr>\n<tr>\n<td>23. 4. 2025<\/td>\n<td>EkoAvanture &#8211; spletni seminar za u\u010ditelje in mentorje #2<\/td>\n<\/tr>\n<tr>\n<td>maj 2025<\/td>\n<td>Ekskurzija v tujino za odlo\u010devalce in upravljavce #1<\/td>\n<\/tr>\n<tr>\n<td>15. 5. 2025<\/td>\n<td>EkoAvanture &#8211; regionalna delavnica za u\u010ditelje in mentorje #1<\/td>\n<\/tr>\n<tr>\n<td>27. 5. 2025<\/td>\n<td>EkoAvanture &#8211; regionalna delavnica za u\u010ditelje in mentorje #2<\/td>\n<\/tr>\n<tr>\n<td>28. 5. 2025<\/td>\n<td>EkoAvanture &#8211; regionalna delavnica za u\u010ditelje in mentorje #3<\/td>\n<\/tr>\n<tr>\n<td>maj 2025<\/td>\n<td>KPI podatkovna baza I (D1.1)<\/td>\n<\/tr>\n<tr>\n<td>maj 2025<\/td>\n<td>Zbrani podatki za prvo oceno KPI (M2)<\/td>\n<\/tr>\n<tr>\n<td>3. 6. 2025<\/td>\n<td>EkoAvanture &#8211; regionalna delavnica za u\u010ditelje in mentorje #4<\/td>\n<\/tr>\n<tr>\n<td>september 2025<\/td>\n<td>EkoAvanture &#8211; dvodnevna nacionalna delavnica za u\u010ditelje in mentorje<\/td>\n<\/tr>\n<tr>\n<td>september 2025<\/td>\n<td>EkoAvanture &#8211; izkustvene delavnice za u\u010dence<\/td>\n<\/tr>\n<tr>\n<td>oktober 2025<\/td>\n<td>Ekskurzija v tujino za odlo\u010devalce in upravljavce #2<\/td>\n<\/tr>\n<tr>\n<td>oktober 2025<\/td>\n<td>Predstavitev projekta na Kongresu o vodah<\/td>\n<\/tr>\n<tr>\n<td>oktober 2025<\/td>\n<td>Zaklju\u010deno usposabljanje u\u010diteljev in mentorjev za izvedbo programa EkoAvanture (M6)<\/td>\n<\/tr>\n<tr>\n<td>december 2025<\/td>\n<td>Okoljska zbornica &#8211; prvi krog posvetovanj v fokusnih skupinah<\/td>\n<\/tr>\n<tr>\n<td>december 2025<\/td>\n<td>Predstavitev projekta na Mi\u0161i\u010devem vodarskem dnevu<\/td>\n<\/tr>\n<tr>\n<td>januar 2026<\/td>\n<td>Prvi krog javnih posvetovanj v pore\u010dju P\u0161ate<\/td>\n<\/tr>\n<tr>\n<td>februar 2026<\/td>\n<td>Spletni seminar za krepitev poklicnih zmogljivosti pri skrbni\u0161tvu rek #1<\/td>\n<\/tr>\n<tr>\n<td>marec 2026<\/td>\n<td>Ekskurzija za projektante, izvajalce in javne uslu\u017ebence #1<\/td>\n<\/tr>\n<tr>\n<td>april 2026<\/td>\n<td>Ekskurzija za projektante, izvajalce in javne uslu\u017ebence #2<\/td>\n<\/tr>\n<tr>\n<td>april 2026<\/td>\n<td>Zbornik povzetkov z mednarodnega kongresa (D2.1)<\/td>\n<\/tr>\n<tr>\n<td>april 2026<\/td>\n<td>Uresni\u010den Mednarodni kongres &#8220;\u017divljenje rekam&#8221; (M4)<\/td>\n<\/tr>\n<tr>\n<td>maj 2026<\/td>\n<td>Ekskurzija za projektante, izvajalce in javne uslu\u017ebence #3<\/td>\n<\/tr>\n<tr>\n<td>maj 2026<\/td>\n<td>Mednarodni kongres &#8220;\u017divljenje rekam&#8221;<\/td>\n<\/tr>\n<tr>\n<td>junij 2026<\/td>\n<td>EkoReka &#8211; festival ob P\u0161ati<\/td>\n<\/tr>\n<tr>\n<td>oktober 2026<\/td>\n<td>Ekskurzija za projektante, izvajalce in javne uslu\u017ebence #4<\/td>\n<\/tr>\n<tr>\n<td>oktober 2026<\/td>\n<td>Okoljska zbornica &#8211; drugi krog posvetovanj v fokusnih skupinah<\/td>\n<\/tr>\n<tr>\n<td>oktober 2026<\/td>\n<td>Predstavitev projekta na Kongresu o vodah<\/td>\n<\/tr>\n<tr>\n<td>november 2026<\/td>\n<td>Ekskurzija za projektante, izvajalce in javne uslu\u017ebence #5<\/td>\n<\/tr>\n<tr>\n<td>december 2026<\/td>\n<td>Predstavitev projekta na Mi\u0161i\u010devem vodarskem dnevu<\/td>\n<\/tr>\n<tr>\n<td>januar 2027<\/td>\n<td>Otvoritev potujo\u010de fotografske razstave #1<\/td>\n<\/tr>\n<tr>\n<td>februar 2027<\/td>\n<td>Te\u010daj za krepitev poklicnih zmogljivosti projektantov pri skrbni\u0161tvu rek #1<\/td>\n<\/tr>\n<tr>\n<td>februar 2027<\/td>\n<td>Te\u010daj za krepitev poklicnih zmogljivosti izvajalcev pri skrbni\u0161tvu rek #1<\/td>\n<\/tr>\n<tr>\n<td>februar 2027<\/td>\n<td>Za\u010detek javnih posvetovanj z lokalnimi prebivalci v pore\u010dju Pesnice (M10)<\/td>\n<\/tr>\n<tr>\n<td>februar 2027<\/td>\n<td>Prvo javno posvetovanje v pore\u010dju Pesnice<\/td>\n<\/tr>\n<tr>\n<td>februar 2027<\/td>\n<td>Namizna dru\u017eabna igra (D3.1)<\/td>\n<\/tr>\n<tr>\n<td>februar 2027<\/td>\n<td>Uresni\u010dena ustanovna skup\u0161\u010dina okoljske zbornice (M8)<\/td>\n<\/tr>\n<tr>\n<td>marec 2027<\/td>\n<td>Spletni seminar za krepitev poklicnih zmogljivosti pri skrbni\u0161tvu rek #2<\/td>\n<\/tr>\n<tr>\n<td>marec 2027<\/td>\n<td>Drugi krog javnih posvetovanj v pore\u010dju P\u0161ate<\/td>\n<\/tr>\n<tr>\n<td>marec 2027<\/td>\n<td>Usposabljanje za recenzente okoljskih poro\u010dil<\/td>\n<\/tr>\n<tr>\n<td>marec 2027<\/td>\n<td>Zaklju\u010deno javno posvetovanje z lokalnimi prebivalci v pore\u010dju P\u0161ate (M7)<\/td>\n<\/tr>\n<tr>\n<td>maj 2027<\/td>\n<td>Usposabljanje za izdelovalce okoljskih poro\u010dil<\/td>\n<\/tr>\n<tr>\n<td>maj 2027<\/td>\n<td>Poro\u010dilo o napredku (D1.5)<\/td>\n<\/tr>\n<tr>\n<td>julij 2027<\/td>\n<td>Revizija okoljskih presoj (D4.1)<\/td>\n<\/tr>\n<tr>\n<td>september 2027<\/td>\n<td>Mednarodni poletni \u0161tudentski tabor<\/td>\n<\/tr>\n<tr>\n<td>september 2027<\/td>\n<td>Uresni\u010den mednarodni poletni \u0161tudentski tabor (M5)<\/td>\n<\/tr>\n<tr>\n<td>oktober 2027<\/td>\n<td>Drugo javno posvetovanje v pore\u010dju Pesnice<\/td>\n<\/tr>\n<tr>\n<td>oktober 2027<\/td>\n<td>Predlogi za spremembo zakonodaje glede okoljskih presoj (D4.2)<\/td>\n<\/tr>\n<tr>\n<td>januar 2028<\/td>\n<td>Te\u010daj za krepitev poklicnih zmogljivosti projektantov pri skrbni\u0161tvu rek #2<\/td>\n<\/tr>\n<tr>\n<td>januar 2028<\/td>\n<td>Te\u010daj za krepitev poklicnih zmogljivosti izvajalcev pri skrbni\u0161tvu rek #2<\/td>\n<\/tr>\n<tr>\n<td>januar 2028<\/td>\n<td>Smernice za okoljske presoje (D4.3)<\/td>\n<\/tr>\n<tr>\n<td>januar 2028<\/td>\n<td>Akcijski na\u010drt za obnovo Pesnice (D6.1)<\/td>\n<\/tr>\n<tr>\n<td>april 2028<\/td>\n<td>Priro\u010dnik o soustvarjalnem skrbni\u0161tvu rek za strokovnjake (D2.2)<\/td>\n<\/tr>\n<tr>\n<td>maj 2028<\/td>\n<td>Spletni seminar za krepitev poklicnih zmogljivosti pri skrbni\u0161tvu rek #3<\/td>\n<\/tr>\n<tr>\n<td>maj 2028<\/td>\n<td>Strokovni predlog in na\u010drti za obnovo P\u0161ate (D3.2)<\/td>\n<\/tr>\n<tr>\n<td>junij 2028<\/td>\n<td>Zaklju\u010dna konferenca projekta<\/td>\n<\/tr>\n<tr>\n<td>junij 2028<\/td>\n<td>Na\u010drt za trajnost in izkori\u0161\u010danje rezultatov projekta (D6.2)<\/td>\n<\/tr>\n<tr>\n<td>junij 2028<\/td>\n<td>Poro\u010dilo o replikaciji okoljske zbornice in sistema licenciranja okoljskih presoj (D6.3)<\/td>\n<\/tr>\n<tr>\n<td>julij 2028<\/td>\n<td>Smernice za soustvarjalno skrbni\u0161tvo rek za odlo\u010devalce in lokalne skupnosti (D3.3)<\/td>\n<\/tr>\n<tr>\n<td>avgust 2028<\/td>\n<td>KPI podatkovna baza II (D1.2)<\/td>\n<\/tr>\n<tr>\n<td>avgust 2028<\/td>\n<td>Poro\u010dilo o raziskavi ozave\u0161\u010denosti (D1.3)<\/td>\n<\/tr>\n<tr>\n<td>avgust 2028<\/td>\n<td>Zbrani podatki za drugo oceno KPI (M3)<\/td>\n<\/tr>\n<\/tbody>\n<\/table>\n","protected":false},"excerpt":{"rendered":"<p>November 2024 Green procurement guidelines (D1.4) December 2024 Communication and dissemination plan (D5.1) december 2024 Zaklju\u010deno mapiranje dele\u017enikov (M9) februar 2025 Spletna stran LIFE2RIVERS s katalogom dele\u017enikov (D5.2) februar 2025 Ustanovljen Projektni svet (M1) 20. 3. 2025 EkoAvanture &#8211; spletni seminar za u\u010ditelje in mentorje #1 23. 4. 2025 EkoAvanture &#8211; spletni seminar za u\u010ditelje [&hellip;]<\/p>\n","protected":false},"author":1,"featured_media":0,"parent":0,"menu_order":0,"comment_status":"closed","ping_status":"closed","template":"template-timeline.php","meta":{"_acf_changed":false,"footnotes":""},"class_list":["post-1301","page","type-page","status-publish","hentry"],"acf":[],"_links":{"self":[{"href":"https:\/\/life2rivers.si\/en\/wp-json\/wp\/v2\/pages\/1301","targetHints":{"allow":["GET"]}}],"collection":[{"href":"https:\/\/life2rivers.si\/en\/wp-json\/wp\/v2\/pages"}],"about":[{"href":"https:\/\/life2rivers.si\/en\/wp-json\/wp\/v2\/types\/page"}],"author":[{"embeddable":true,"href":"https:\/\/life2rivers.si\/en\/wp-json\/wp\/v2\/users\/1"}],"replies":[{"embeddable":true,"href":"https:\/\/life2rivers.si\/en\/wp-json\/wp\/v2\/comments?post=1301"}],"version-history":[{"count":2,"href":"https:\/\/life2rivers.si\/en\/wp-json\/wp\/v2\/pages\/1301\/revisions"}],"predecessor-version":[{"id":1514,"href":"https:\/\/life2rivers.si\/en\/wp-json\/wp\/v2\/pages\/1301\/revisions\/1514"}],"wp:attachment":[{"href":"https:\/\/life2rivers.si\/en\/wp-json\/wp\/v2\/media?parent=1301"}],"curies":[{"name":"wp","href":"https:\/\/api.w.org\/{rel}","templated":true}]}}